{"id":64,"date":"2022-12-29T11:37:18","date_gmt":"2022-12-29T11:37:18","guid":{"rendered":"https:\/\/www.tricon.immo\/?page_id=64"},"modified":"2025-10-13T18:21:35","modified_gmt":"2025-10-13T18:21:35","slug":"impressum","status":"publish","type":"page","link":"https:\/\/www.tricon.immo\/?page_id=64","title":{"rendered":"Impressum"},"content":{"rendered":"\n<h1 class=\"wp-block-heading\">Impressum<\/h1>\n\n\n\n<p>Angaben gem\u00e4\u00df Informationspflicht laut \u00a7 5 Telemediengesetz (TMG).<\/p>\n\n\n\n<p>TriCon Immobilienservice GmbH<br>Freiherr-vom-Stein-Stra\u00dfe 131<br>45473 M\u00fclheim a. d. Ruhr<br>Deutschland<br><br>Tel.: 0208\/306678-0<br>E-Mail: info@tricon.immo<\/p>\n\n\n\n<p>UID-Nummer: DE 326528682<br>Registernummer: HRB 36139<br>Registergericht: Duisburg<\/p>\n\n\n\n<p><br>Gesch\u00e4ftsf\u00fchrer : Dina Hessel<\/p>\n\n\n\n<p><br><strong>Kontaktdaten des Verantwortlichen f\u00fcr Datenschutz<\/strong><br>Sollten Sie Fragen zum Datenschutz haben, finden Sie nachfolgend die Kontaktdaten der verantwortlichen Person bzw. Stelle: <br><br>Dina Hessel, Freiherr-vom-Stein-Stra\u00dfe 131, 45473 M\u00fclheim a. d. Ruhr<\/p>\n","protected":false},"excerpt":{"rendered":"<p>Impressum Angaben gem\u00e4\u00df Informationspflicht laut \u00a7 5 Telemediengesetz (TMG). TriCon Immobilienservice GmbHFreiherr-vom-Stein-Stra\u00dfe 13145473 M\u00fclheim a. d. RuhrDeutschland Tel.: 0208\/306678-0E-Mail: info@tricon.immo UID-Nummer: DE 326528682Registernummer: HRB 36139Registergericht: Duisburg Gesch\u00e4ftsf\u00fchrer : Dina Hessel Kontaktdaten des Verantwortlichen f\u00fcr DatenschutzSollten Sie Fragen zum Datenschutz haben, finden Sie nachfolgend die Kontaktdaten der verantwortlichen Person bzw. Stelle: Dina Hessel, Freiherr-vom-Stein-Stra\u00dfe 131, 45473 [&hellip;]<\/p>\n","protected":false},"author":1,"featured_media":0,"parent":40,"menu_order":0,"comment_status":"closed","ping_status":"closed","template":"","meta":{"footnotes":""},"class_list":["post-64","page","type-page","status-publish","hentry"],"_links":{"self":[{"href":"https:\/\/www.tricon.immo\/index.php?rest_route=\/wp\/v2\/pages\/64","targetHints":{"allow":["GET"]}}],"collection":[{"href":"https:\/\/www.tricon.immo\/index.php?rest_route=\/wp\/v2\/pages"}],"about":[{"href":"https:\/\/www.tricon.immo\/index.php?rest_route=\/wp\/v2\/types\/page"}],"author":[{"embeddable":true,"href":"https:\/\/www.tricon.immo\/index.php?rest_route=\/wp\/v2\/users\/1"}],"replies":[{"embeddable":true,"href":"https:\/\/www.tricon.immo\/index.php?rest_route=%2Fwp%2Fv2%2Fcomments&post=64"}],"version-history":[{"count":8,"href":"https:\/\/www.tricon.immo\/index.php?rest_route=\/wp\/v2\/pages\/64\/revisions"}],"predecessor-version":[{"id":90,"href":"https:\/\/www.tricon.immo\/index.php?rest_route=\/wp\/v2\/pages\/64\/revisions\/90"}],"up":[{"embeddable":true,"href":"https:\/\/www.tricon.immo\/index.php?rest_route=\/wp\/v2\/pages\/40"}],"wp:attachment":[{"href":"https:\/\/www.tricon.immo\/index.php?rest_route=%2Fwp%2Fv2%2Fmedia&parent=64"}],"curies":[{"name":"wp","href":"https:\/\/api.w.org\/{rel}","templated":true}]}}